{"id":116,"date":"2023-11-16T19:41:20","date_gmt":"2023-11-16T18:41:20","guid":{"rendered":"http:\/\/tmp.vki-mg.net\/?page_id=116"},"modified":"2023-11-17T20:20:52","modified_gmt":"2023-11-17T19:20:52","slug":"interkulturelles-netzwerk-alter-pflege-und-demenz-in-moenchengladbach","status":"publish","type":"page","link":"http:\/\/tmp.vki-mg.net\/start\/interkulturelles-netzwerk-alter-pflege-und-demenz-in-moenchengladbach\/","title":{"rendered":"Interkulturelles Netzwerk Alter, Pflege und Demenz in M\u00f6nchengladbach"},"content":{"rendered":"\n<p class=\"has-x-large-font-size\">Projekt &#8211; <strong>Interkulturelles Netzwerk Alter, Pflege und Demenz in M\u00f6nchengladbach<\/strong><\/p>\n\n\n\n<p>Beschreibung des Interkulturellen Netzwerks Alter, Pflege und Demenz in M\u00f6nchengladbach<\/p>\n\n\n\n<figure class=\"wp-block-image\"><img decoding=\"async\" src=\"http:\/\/vki-mg.net\/images\/vkimg1.jpg\" alt=\"vkimg1\"\/><\/figure>\n\n\n\n<p>In M\u00f6nchengladbach leben eine Vielzahl von Menschen mit verschiedenen Altersbildern<br>und Pflege Vorstellungen, die durch individuelle biografische Erfahrungen, ihre Herkunft<br>sowie pers\u00f6nliche Lebensumst\u00e4nde gepr\u00e4gt sind.<br>F\u00fcr die Gesellschaft ist die bedarfsgerechte Versorgung, Begleitung und Beratung \u00e4lter<br>werdender Menschen mit Pflegebedarf eine Herausforderung.<br>Das Interkulturelle Netzwerk Alter, Pflege und Demenz soll ein Zusammenschluss von<br>Akteur*Innen in M\u00f6nchengladbach werden, die ihre Erfahrungen und Kompetenzen zur<br>Weiterentwicklung von Angeboten f\u00fcr pflegebed\u00fcrftige Menschen unterschiedlicher<br>Herkunft teilen. Dabei sollen Akteur*innen, die \u00fcberwiegend in den Bereichen Alter, Pflege<br>und Demenz t\u00e4tig sind, mit Akteur*innen aus den Integrationsagenturen und<br>Migrantinnen*organisationen, die unter anderem im Bereich Pflege und\/oder Senior*innen<br>t\u00e4tig sind, von dem gemeinsamen Austausch und Planen f\u00fcr ihre jeweiligen Zielgruppen<br>profitieren.<br>Das tr\u00e4ger\u00fcbergreifende Netzwerk verfolgt als gemeinsames Ziel, die F\u00f6rderung der<br>gesellschaftlichen Teilhabe f\u00fcr \u00e4ltere und pflegebed\u00fcrftige Menschen mit<br>Zuwanderungsgeschichte unter Ber\u00fccksichtigung der sozialen, kulturellen, religi\u00f6sen und<br>sprachlichen Vielfalt der Menschen und ihrer Bed\u00fcrfnisse.<br>Dabei m\u00f6chte das Interkulturelle Netzwerk Alter, Pflege und Demenz perspektivisch:<br>\u25cf die Informationen zu den Themen Pflege und Demenz leichter zug\u00e4nglich machen,<br>\u25cf die Inanspruchnahme der Pflege- und Demenzberatung verbessern,<br>\u25cf die Nutzung der Entlastungsm\u00f6glichkeiten f\u00fcr pflegende Angeh\u00f6rige f\u00f6rdern,<br>\u25cf den niederschwelligen Zugang zu den Leistungen des Hilfe- und Pflegesystems f\u00f6rdern,<br>\u25cf an der Herkunft der Menschen orientierte Angebote initiieren und<br>\u25cf die interkulturelle \u00d6ffnung vorhandener Strukturen unterst\u00fctzen.<br>Das Interkulturelle Netzwerk Alter, Pflege und Demenz in M\u00f6nchengladbach hat sich im<br>Januar 2022 neu gegr\u00fcndet und erstmals getroffen. Eine Netzwerkf\u00f6rderung nach \u00a7 45c<br>Absatz 9 SGB XI ist f\u00fcr den Zeitraum vom 01.01.2022 bis zum 31.12.2023 beantragt und<br>bewilligt worden. Das Netzwerk soll auch \u00fcber diesen Zeitraum hinaus Bestand haben.<br>Koordiniert wird das Netzwerk von Fatma Ar vom Verband f\u00fcr Kulturen &amp; Integration in<br>M\u00f6nchengladbach e.V.<\/p>\n\n\n\n<p><br>Interkulturelles Pflegenetzwerk &#8211; Verband f\u00fcr Kulturen &amp; Integration in M\u00f6nchengladbach e.V.<br>M\u00fchlenstr. 129* 41236 M\u00f6nchengladbach* www.vki-mg.net*&nbsp;<a href=\"mailto:fatma.ar@vki-mg.net*\"><\/a><a href=\"mailto:fatma.ar@vki-mg.net\">fatma.ar@vki-mg.net<\/a>*&nbsp;0163-2453894<\/p>\n","protected":false},"excerpt":{"rendered":"<p>Projekt &#8211; Interkulturelles Netzwerk Alter, Pflege und Demenz in M\u00f6nchengladbach Beschreibung des Interkulturellen Netzwerks Alter, Pflege und Demenz in M\u00f6nchengladbach In M\u00f6nchengladbach leben eine Vielzahl von Menschen mit verschiedenen Altersbildernund Pflege Vorstellungen, die durch individuelle biografische Erfahrungen, ihre Herkunftsowie pers\u00f6nliche Lebensumst\u00e4nde gepr\u00e4gt sind.F\u00fcr die Gesellschaft ist die bedarfsgerechte Versorgung, Begleitung und Beratung \u00e4lterwerdender Menschen mit [&hellip;]<\/p>\n","protected":false},"author":1,"featured_media":0,"parent":0,"menu_order":0,"comment_status":"closed","ping_status":"closed","template":"","meta":{"footnotes":""},"class_list":["post-116","page","type-page","status-publish","hentry"],"yoast_head":"<!-- This site is optimized with the Yoast SEO plugin v21.5 - https:\/\/yoast.com\/wordpress\/plugins\/seo\/ -->\n<title>Interkulturelles Netzwerk Alter, Pflege und Demenz in M\u00f6nchengladbach -<\/title>\n<meta name=\"robots\" content=\"index, follow, max-snippet:-1, max-image-preview:large, max-video-preview:-1\" \/>\n<link rel=\"canonical\" href=\"http:\/\/tmp.vki-mg.net\/start\/interkulturelles-netzwerk-alter-pflege-und-demenz-in-moenchengladbach\/\" \/>\n<meta property=\"og:locale\" content=\"de_DE\" \/>\n<meta property=\"og:type\" content=\"article\" \/>\n<meta property=\"og:title\" content=\"Interkulturelles Netzwerk Alter, Pflege und Demenz in M\u00f6nchengladbach -\" \/>\n<meta property=\"og:description\" content=\"Projekt &#8211; Interkulturelles Netzwerk Alter, Pflege und Demenz in M\u00f6nchengladbach Beschreibung des Interkulturellen Netzwerks Alter, Pflege und Demenz in M\u00f6nchengladbach In M\u00f6nchengladbach leben eine Vielzahl von Menschen mit verschiedenen Altersbildernund Pflege Vorstellungen, die durch individuelle biografische Erfahrungen, ihre Herkunftsowie pers\u00f6nliche Lebensumst\u00e4nde gepr\u00e4gt sind.F\u00fcr die Gesellschaft ist die bedarfsgerechte Versorgung, Begleitung und Beratung \u00e4lterwerdender Menschen mit [&hellip;]\" \/>\n<meta property=\"og:url\" content=\"http:\/\/tmp.vki-mg.net\/start\/interkulturelles-netzwerk-alter-pflege-und-demenz-in-moenchengladbach\/\" \/>\n<meta property=\"article:publisher\" content=\"https:\/\/www.facebook.com\/profile.php?id=100064016290898&amp;sk=about\" \/>\n<meta property=\"article:modified_time\" content=\"2023-11-17T19:20:52+00:00\" \/>\n<meta property=\"og:image\" content=\"http:\/\/vki-mg.net\/images\/vkimg1.jpg\" \/>\n<meta name=\"twitter:card\" content=\"summary_large_image\" \/>\n<meta name=\"twitter:label1\" content=\"Gesch\u00e4tzte Lesezeit\" \/>\n\t<meta name=\"twitter:data1\" content=\"2\u00a0Minuten\" \/>\n<script type=\"application\/ld+json\" class=\"yoast-schema-graph\">{\"@context\":\"https:\/\/schema.org\",\"@graph\":[{\"@type\":\"WebPage\",\"@id\":\"http:\/\/tmp.vki-mg.net\/start\/interkulturelles-netzwerk-alter-pflege-und-demenz-in-moenchengladbach\/\",\"url\":\"http:\/\/tmp.vki-mg.net\/start\/interkulturelles-netzwerk-alter-pflege-und-demenz-in-moenchengladbach\/\",\"name\":\"Interkulturelles Netzwerk Alter, Pflege und Demenz in M\u00f6nchengladbach -\",\"isPartOf\":{\"@id\":\"http:\/\/tmp.vki-mg.net\/start\/#website\"},\"datePublished\":\"2023-11-16T18:41:20+00:00\",\"dateModified\":\"2023-11-17T19:20:52+00:00\",\"breadcrumb\":{\"@id\":\"http:\/\/tmp.vki-mg.net\/start\/interkulturelles-netzwerk-alter-pflege-und-demenz-in-moenchengladbach\/#breadcrumb\"},\"inLanguage\":\"de\",\"potentialAction\":[{\"@type\":\"ReadAction\",\"target\":[\"http:\/\/tmp.vki-mg.net\/start\/interkulturelles-netzwerk-alter-pflege-und-demenz-in-moenchengladbach\/\"]}]},{\"@type\":\"BreadcrumbList\",\"@id\":\"http:\/\/tmp.vki-mg.net\/start\/interkulturelles-netzwerk-alter-pflege-und-demenz-in-moenchengladbach\/#breadcrumb\",\"itemListElement\":[{\"@type\":\"ListItem\",\"position\":1,\"name\":\"Startseite\",\"item\":\"http:\/\/tmp.vki-mg.net\/start\/\"},{\"@type\":\"ListItem\",\"position\":2,\"name\":\"Interkulturelles Netzwerk Alter, Pflege und Demenz in M\u00f6nchengladbach\"}]},{\"@type\":\"WebSite\",\"@id\":\"http:\/\/tmp.vki-mg.net\/start\/#website\",\"url\":\"http:\/\/tmp.vki-mg.net\/start\/\",\"name\":\"Verband f\u00fcr Kulturen und Integration\",\"description\":\"\",\"publisher\":{\"@id\":\"http:\/\/tmp.vki-mg.net\/start\/#organization\"},\"potentialAction\":[{\"@type\":\"SearchAction\",\"target\":{\"@type\":\"EntryPoint\",\"urlTemplate\":\"http:\/\/tmp.vki-mg.net\/start\/?s={search_term_string}\"},\"query-input\":\"required name=search_term_string\"}],\"inLanguage\":\"de\"},{\"@type\":\"Organization\",\"@id\":\"http:\/\/tmp.vki-mg.net\/start\/#organization\",\"name\":\"Verband f\u00fcr Kulturen und Integration in M\u00f6nchengladbach e.V.\",\"url\":\"http:\/\/tmp.vki-mg.net\/start\/\",\"logo\":{\"@type\":\"ImageObject\",\"inLanguage\":\"de\",\"@id\":\"http:\/\/tmp.vki-mg.net\/start\/#\/schema\/logo\/image\/\",\"url\":\"http:\/\/tmp.vki-mg.net\/wp-content\/uploads\/2023\/09\/cropped-Logo-VKI-Moenchengladbach.png\",\"contentUrl\":\"http:\/\/tmp.vki-mg.net\/wp-content\/uploads\/2023\/09\/cropped-Logo-VKI-Moenchengladbach.png\",\"width\":3348,\"height\":1056,\"caption\":\"Verband f\u00fcr Kulturen und Integration in M\u00f6nchengladbach e.V.\"},\"image\":{\"@id\":\"http:\/\/tmp.vki-mg.net\/start\/#\/schema\/logo\/image\/\"},\"sameAs\":[\"https:\/\/www.facebook.com\/profile.php?id=100064016290898&sk=about\"]}]}<\/script>\n<!-- \/ Yoast SEO plugin. -->","yoast_head_json":{"title":"Interkulturelles Netzwerk Alter, Pflege und Demenz in M\u00f6nchengladbach -","robots":{"index":"index","follow":"follow","max-snippet":"max-snippet:-1","max-image-preview":"max-image-preview:large","max-video-preview":"max-video-preview:-1"},"canonical":"http:\/\/tmp.vki-mg.net\/start\/interkulturelles-netzwerk-alter-pflege-und-demenz-in-moenchengladbach\/","og_locale":"de_DE","og_type":"article","og_title":"Interkulturelles Netzwerk Alter, Pflege und Demenz in M\u00f6nchengladbach -","og_description":"Projekt &#8211; Interkulturelles Netzwerk Alter, Pflege und Demenz in M\u00f6nchengladbach Beschreibung des Interkulturellen Netzwerks Alter, Pflege und Demenz in M\u00f6nchengladbach In M\u00f6nchengladbach leben eine Vielzahl von Menschen mit verschiedenen Altersbildernund Pflege Vorstellungen, die durch individuelle biografische Erfahrungen, ihre Herkunftsowie pers\u00f6nliche Lebensumst\u00e4nde gepr\u00e4gt sind.F\u00fcr die Gesellschaft ist die bedarfsgerechte Versorgung, Begleitung und Beratung \u00e4lterwerdender Menschen mit [&hellip;]","og_url":"http:\/\/tmp.vki-mg.net\/start\/interkulturelles-netzwerk-alter-pflege-und-demenz-in-moenchengladbach\/","article_publisher":"https:\/\/www.facebook.com\/profile.php?id=100064016290898&sk=about","article_modified_time":"2023-11-17T19:20:52+00:00","og_image":[{"url":"http:\/\/vki-mg.net\/images\/vkimg1.jpg"}],"twitter_card":"summary_large_image","twitter_misc":{"Gesch\u00e4tzte Lesezeit":"2\u00a0Minuten"},"schema":{"@context":"https:\/\/schema.org","@graph":[{"@type":"WebPage","@id":"http:\/\/tmp.vki-mg.net\/start\/interkulturelles-netzwerk-alter-pflege-und-demenz-in-moenchengladbach\/","url":"http:\/\/tmp.vki-mg.net\/start\/interkulturelles-netzwerk-alter-pflege-und-demenz-in-moenchengladbach\/","name":"Interkulturelles Netzwerk Alter, Pflege und Demenz in M\u00f6nchengladbach -","isPartOf":{"@id":"http:\/\/tmp.vki-mg.net\/start\/#website"},"datePublished":"2023-11-16T18:41:20+00:00","dateModified":"2023-11-17T19:20:52+00:00","breadcrumb":{"@id":"http:\/\/tmp.vki-mg.net\/start\/interkulturelles-netzwerk-alter-pflege-und-demenz-in-moenchengladbach\/#breadcrumb"},"inLanguage":"de","potentialAction":[{"@type":"ReadAction","target":["http:\/\/tmp.vki-mg.net\/start\/interkulturelles-netzwerk-alter-pflege-und-demenz-in-moenchengladbach\/"]}]},{"@type":"BreadcrumbList","@id":"http:\/\/tmp.vki-mg.net\/start\/interkulturelles-netzwerk-alter-pflege-und-demenz-in-moenchengladbach\/#breadcrumb","itemListElement":[{"@type":"ListItem","position":1,"name":"Startseite","item":"http:\/\/tmp.vki-mg.net\/start\/"},{"@type":"ListItem","position":2,"name":"Interkulturelles Netzwerk Alter, Pflege und Demenz in M\u00f6nchengladbach"}]},{"@type":"WebSite","@id":"http:\/\/tmp.vki-mg.net\/start\/#website","url":"http:\/\/tmp.vki-mg.net\/start\/","name":"Verband f\u00fcr Kulturen und Integration","description":"","publisher":{"@id":"http:\/\/tmp.vki-mg.net\/start\/#organization"},"potentialAction":[{"@type":"SearchAction","target":{"@type":"EntryPoint","urlTemplate":"http:\/\/tmp.vki-mg.net\/start\/?s={search_term_string}"},"query-input":"required name=search_term_string"}],"inLanguage":"de"},{"@type":"Organization","@id":"http:\/\/tmp.vki-mg.net\/start\/#organization","name":"Verband f\u00fcr Kulturen und Integration in M\u00f6nchengladbach e.V.","url":"http:\/\/tmp.vki-mg.net\/start\/","logo":{"@type":"ImageObject","inLanguage":"de","@id":"http:\/\/tmp.vki-mg.net\/start\/#\/schema\/logo\/image\/","url":"http:\/\/tmp.vki-mg.net\/wp-content\/uploads\/2023\/09\/cropped-Logo-VKI-Moenchengladbach.png","contentUrl":"http:\/\/tmp.vki-mg.net\/wp-content\/uploads\/2023\/09\/cropped-Logo-VKI-Moenchengladbach.png","width":3348,"height":1056,"caption":"Verband f\u00fcr Kulturen und Integration in M\u00f6nchengladbach e.V."},"image":{"@id":"http:\/\/tmp.vki-mg.net\/start\/#\/schema\/logo\/image\/"},"sameAs":["https:\/\/www.facebook.com\/profile.php?id=100064016290898&sk=about"]}]}},"_links":{"self":[{"href":"http:\/\/tmp.vki-mg.net\/start\/wp-json\/wp\/v2\/pages\/116","targetHints":{"allow":["GET"]}}],"collection":[{"href":"http:\/\/tmp.vki-mg.net\/start\/wp-json\/wp\/v2\/pages"}],"about":[{"href":"http:\/\/tmp.vki-mg.net\/start\/wp-json\/wp\/v2\/types\/page"}],"author":[{"embeddable":true,"href":"http:\/\/tmp.vki-mg.net\/start\/wp-json\/wp\/v2\/users\/1"}],"replies":[{"embeddable":true,"href":"http:\/\/tmp.vki-mg.net\/start\/wp-json\/wp\/v2\/comments?post=116"}],"version-history":[{"count":3,"href":"http:\/\/tmp.vki-mg.net\/start\/wp-json\/wp\/v2\/pages\/116\/revisions"}],"predecessor-version":[{"id":285,"href":"http:\/\/tmp.vki-mg.net\/start\/wp-json\/wp\/v2\/pages\/116\/revisions\/285"}],"wp:attachment":[{"href":"http:\/\/tmp.vki-mg.net\/start\/wp-json\/wp\/v2\/media?parent=116"}],"curies":[{"name":"wp","href":"https:\/\/api.w.org\/{rel}","templated":true}]}}